{"id":34,"date":"2018-06-22T18:42:34","date_gmt":"2018-06-22T16:42:34","guid":{"rendered":"https:\/\/fundacionciga.com\/eus\/?page_id=34"},"modified":"2024-09-02T09:28:44","modified_gmt":"2024-09-02T07:28:44","slug":"fundazioa","status":"publish","type":"page","link":"https:\/\/fundacionciga.com\/eus\/fundazioa\/","title":{"rendered":"Fundazioa"},"content":{"rendered":"<section class=\"l-section wpb_row height_small\"><div class=\"l-section-h i-cf\"><div class=\"g-cols vc_row via_grid cols_1 laptops-cols_inherit tablets-cols_inherit mobiles-cols_1 valign_top type_default stacking_default\"><div class=\"wpb_column vc_column_container\"><div class=\"vc_column-inner\"><div class=\"wpb_text_column\"><div class=\"wpb_wrapper\"><h2 style=\"text-align: center;\">Javier Ciga Echandi Fundazioa<\/h2>\n<p>Javier Ciga Echandi Fundazioa, 2007ko martxoaren 9an, legalki bere patroi fundatzaileek- Margolarien seme alabak- sortu zuten, Gurutze Ciga Ariztia andrea, eta Miguel Ciga Ariztia jauna, sortze agiria sinatuz eta margolarien lanen bidez Fundazioaren hasierako ondasuna eratuz. Fundazioaren patronatua osatu zen: Gurutze Ciga Ariztia andrea -Presidentea-, Miguel Ciga Ariztia jauna, Dolores Meoqui Ariztia andrea, Jos\u00e9 Antonio Arnedo Peral jauna, Alberto Belzunegui Apeztegu\u00eda jauna, Pello Fern\u00e1ndez Oyaregui jauna -Idazkaria-.<\/p>\n<figure id=\"attachment_303\" aria-describedby=\"caption-attachment-303\" style=\"width: 509px\" class=\"wp-caption aligncenter\"><img loading=\"lazy\" decoding=\"async\" class=\"wp-image-303 size-medium\" src=\"\/wp-content\/uploads\/2018\/06\/patronato.jpg\" alt=\"\" width=\"509\" height=\"300\" \/><figcaption id=\"caption-attachment-303\" class=\"wp-caption-text\">Los miembros del patronato de la Fundaci\u00f3n Ciga.<br \/>Foto Alicia del Castillo, 19 de marzo de 2007.<\/figcaption><\/figure>\n<h2 style=\"text-align: center;\">Gaur egungo Ciga Fundazioaren Patronatoa.<\/h2>\n<p>Patroi fundatzailaek &#8211; Gurutze eta Miguel Ciga Ariztia eta Jos\u00e9 Antonio Arnedo Peral, zendu ondoren; 2017ko apirilaren 4ean, berritu eta aukeratu zen patronatu berria: Pello Fern\u00e1ndez Oyaregui jauna, Presidentea, patroi berriak: Itziar Iturriria Meoki y Floren Bidaurre Azkona &#8211; idazkaria-, eta aurreko patroiak: Dolores Meoqui Ariztia eta Alberto Belzunegui Apeztegu\u00eda.<\/p>\n<h4 style=\"text-align: center;\">Helburuak<\/h4>\n<p>Javier Ciga Echandi Fundazio pribatua, irabazi-asmorik gabeko erakundea da eta bokazio publikoa dauka, ondoko xedeak ditu:<br \/>\n&#8211; Javier Ciga Echandiren margolanak, sustatu, ezagutarazi, ikertu eta erakutsi.<br \/>\n&#8211; Ciga Museoa sortu: Arte biziaren Zentroa, eta jarduerak programatu, Fundazioaren ardatza eratuz: aldi-baterako erakusketak, ikastaroak, lehiaketak, bekak eta margo tailerrak.<br \/>\n&#8211; Ikasketa, dokumentazioa eta ikerkuntza Zentroa eratzea, ondoko funtzioak betetzeko: Artistaren katalogo arrazoitua eta beste argitalpenak.<br \/>\n&#8211; Funtsa dokumentala: margolariaren dokumentu eta lanen bilketa.<br \/>\n&#8211; Javier Cigaren pertsona eta lanari buruzko ikerketa.\u00b4<\/p>\n<p><b>Gurutze Ciga Ariztia Fundazioaren presidentea<\/b><br \/>\nGurutze Ciga Ariztia, Ciga margolariaren alaba, Fundazioaren presidentea eta patroi fundatzailea da. Ciga familiaren testigantza bilduz, aitak utzitako ondarea nafar guztiona dela iritzita, nafarren zerbitzura jarri du, koherentzia eta konpromisoa erakutsiz. Nati, Dolores eta Migueltxo zirraraz dakarzkigu gogora, eta omenaldia egiten diogu Gurutzeri, Javier Cigaren bizitza eta obra bizirik iraunarazten dituen memoriari.<\/p>\n<p>Gaur, haren izena daraman Fundazioak lekukoa hartu du, eta lanean ari da bere garaiko arima eta gizartea maisuki Interpretatu zituen margolari handiaren obra esentziadun eta egiatia ezagutzera emateko eta horren gainean ikertzeko.<\/p>\n<\/div><\/div><div class=\"w-grid type_grid layout_gallery_with_titles_below cols_2\" id=\"us_grid_1\" style=\"--columns:2;--gap:4px;\" data-filterable=\"true\"><style>.layout_gallery_with_titles_below .w-grid-item-h{}.layout_gallery_with_titles_below .usg_vwrapper_1{padding:0.5rem 1rem 1rem 1rem!important}.layout_gallery_with_titles_below .usg_post_title_1{font-size:0.8rem!important;line-height:1.6!important;margin-bottom:0!important}.layout_gallery_with_titles_below .usg_post_custom_field_1{font-size:0.8rem!important;line-height:1.6!important;margin-bottom:0!important}.layout_gallery_with_titles_below .usg_post_content_1{font-size:0.8rem!important;line-height:1.6!important;margin-bottom:0!important}.layout_gallery_with_titles_below .usg_post_content_2{color:var(--color-content-faded)!important;font-size:0.8rem!important;line-height:1.6!important;margin-top:0.2rem!important;margin-bottom:0.2rem!important}<\/style><div class=\"w-grid-list\">\t<article class=\"w-grid-item size_1x1 post-96 attachment type-attachment status-inherit hentry\" data-id=\"96\">\r\n\t\t<div class=\"w-grid-item-h\">\r\n\t\t\t\t\t\t\t<a ref=\"magnificPopupGrid\" href=\"https:\/\/fundacionciga.com\/eus\/wp-content\/uploads\/sites\/2\/2018\/06\/gurutze-ciga.jpg\" class=\"w-grid-item-anchor\" aria-label=\"Gurutze Ciga Ariztia\"><\/a>\r\n\t\t\t\t\t\t<div class=\"w-post-elm post_image usg_post_image_1 has_ratio\"><img loading=\"lazy\" decoding=\"async\" width=\"600\" height=\"600\" src=\"https:\/\/fundacionciga.com\/eus\/wp-content\/uploads\/sites\/2\/2018\/06\/gurutze-ciga-600x600.jpg\" class=\"attachment-us_600_600_crop size-us_600_600_crop\" alt=\"\" \/><div style=\"padding-bottom:100%\"><\/div><\/div><div class=\"w-vwrapper usg_vwrapper_1 align_center valign_top\"><div class=\"w-post-elm post_title usg_post_title_1 hide_if_not_first entry-title color_link_inherit\">Gurutze Ciga Ariztia<\/div><div class=\"w-post-elm post_content usg_post_content_2 has_text_color\">Foto Ondikol, 29 de Marzo 2010<\/div><\/div>\t\t<\/div>\r\n\t\t\t<\/article>\r\n\t<article class=\"w-grid-item size_1x1 post-94 attachment type-attachment status-inherit hentry\" data-id=\"94\">\r\n\t\t<div class=\"w-grid-item-h\">\r\n\t\t\t\t\t\t\t<a ref=\"magnificPopupGrid\" href=\"https:\/\/fundacionciga.com\/eus\/wp-content\/uploads\/sites\/2\/2018\/06\/alberto-erro.jpg\" class=\"w-grid-item-anchor\" aria-label=\"Gurutze Ciga Ariztia\"><\/a>\r\n\t\t\t\t\t\t<div class=\"w-post-elm post_image usg_post_image_1 has_ratio\"><img loading=\"lazy\" decoding=\"async\" width=\"555\" height=\"600\" src=\"https:\/\/fundacionciga.com\/eus\/wp-content\/uploads\/sites\/2\/2018\/06\/alberto-erro-555x600.jpg\" class=\"attachment-us_600_600_crop size-us_600_600_crop\" alt=\"\" \/><div style=\"padding-bottom:100%\"><\/div><\/div><div class=\"w-vwrapper usg_vwrapper_1 align_center valign_top\"><div class=\"w-post-elm post_title usg_post_title_1 hide_if_not_first entry-title color_link_inherit\">Gurutze Ciga Ariztia<\/div><div class=\"w-post-elm post_content usg_post_content_2 has_text_color\">Dibujo de Alberto Erro (Diario de Navarra, 14 de Febrero de 2017)<\/div><\/div>\t\t<\/div>\r\n\t\t\t<\/article>\r\n<\/div><div class=\"w-grid-preloader\">\t<div class=\"g-preloader type_1\">\r\n\t\t<div><\/div>\r\n\t<\/div>\r\n\t<\/div>\t<div class=\"w-grid-json hidden\" onclick='return {&quot;action&quot;:&quot;us_ajax_grid&quot;,&quot;infinite_scroll&quot;:0,&quot;max_num_pages&quot;:1,&quot;pagination&quot;:&quot;none&quot;,&quot;template_vars&quot;:{&quot;columns&quot;:&quot;2&quot;,&quot;exclude_items&quot;:&quot;none&quot;,&quot;img_size&quot;:&quot;us_600_600_crop&quot;,&quot;ignore_items_size&quot;:0,&quot;items_layout&quot;:&quot;gallery_with_titles_below&quot;,&quot;items_offset&quot;:&quot;1&quot;,&quot;load_animation&quot;:&quot;none&quot;,&quot;overriding_link&quot;:&quot;%7B%22type%22%3A%22popup_image%22%7D&quot;,&quot;post_id&quot;:0,&quot;query_args&quot;:{&quot;post_type&quot;:[&quot;attachment&quot;],&quot;post__in&quot;:[&quot;96&quot;,&quot;94&quot;],&quot;post_status&quot;:&quot;inherit&quot;,&quot;post_mime_type&quot;:&quot;image&quot;,&quot;posts_per_page&quot;:999},&quot;orderby_query_args&quot;:{&quot;orderby&quot;:{&quot;post__in&quot;:&quot;ASC&quot;},&quot;order&quot;:&quot;ASC&quot;},&quot;type&quot;:&quot;grid&quot;,&quot;us_grid_post_type&quot;:&quot;attachment&quot;,&quot;us_grid_ajax_index&quot;:1,&quot;us_grid_filter_query_string&quot;:null,&quot;us_grid_index&quot;:1,&quot;page_args&quot;:[]}}'><\/div>\r\n\t<\/div><\/div><\/div><\/div><\/div><\/section><section class=\"l-section wpb_row height_small\"><div class=\"l-section-h i-cf\"><div class=\"g-cols vc_row via_grid cols_custom laptops-cols_inherit tablets-cols_inherit mobiles-cols_1 valign_top type_default stacking_default\" style=\"--custom-columns:6fr 3fr 3fr \"><div class=\"wpb_column vc_column_container\"><div class=\"vc_column-inner\"><div class=\"wpb_text_column\"><div class=\"wpb_wrapper\"><h2 style=\"text-align: center;\"><img loading=\"lazy\" decoding=\"async\" class=\"alignnone\" src=\"wp-content\/uploads\/2018\/06\/lauburu.jpg\" width=\"49\" height=\"50\" border=\"0\" \/><\/h2>\n<\/div><\/div><div class=\"w-separator size_custom\" style=\"height:10px\"><\/div><\/div><\/div><div class=\"wpb_column vc_column_container\"><div class=\"vc_column-inner\"><div class=\"wpb_text_column\"><div class=\"wpb_wrapper\"><p>&#8211; <a href=\"\/wp-content\/uploads\/pdf\/esquela%20noticias%2011feb17.pdf\" target=\"_blank\" rel=\"noopener\">Esquela.<\/a><br \/>\nDiario de Noticias (11 de febrero de 2017).<br \/>\n&#8211; <a href=\"\/wp-content\/uploads\/pdf\/esquela%20dn%2011feb17.pdf\" target=\"_blank\" rel=\"noopener\">Esquela.<\/a><br \/>\nDiario de Navarra (11 de febrero de 2017).<br \/>\n&#8211; <a href=\"\/wp-content\/uploads\/pdf\/fallece%20noticias%2011feb17.pdf\" target=\"_blank\" rel=\"noopener\">Fallece Guruztze Ciga Ariztia, presidenta de la Fundaci\u00f3n Ciga.<\/a><br \/>\nDiario de Noticias(11 de fecbreo de 2017).<br \/>\n&#8211; <a href=\"\/wp-content\/uploads\/pdf\/obituario%20noticias%2011feb17.pdf\" target=\"_blank\" rel=\"noopener\">In memoriam. Guruztze Ciga, la defensa de un legado.<\/a><br \/>\nDiario de Noticias (11 de febrero de 2017).<\/p>\n<\/div><\/div><\/div><\/div><div class=\"wpb_column vc_column_container\"><div class=\"vc_column-inner\"><div class=\"wpb_text_column\"><div class=\"wpb_wrapper\"><p>&#8211; <a href=\"\/wp-content\/uploads\/pdf\/recuerdo%20noticias%2013feb17.pdf\" target=\"_blank\" rel=\"noopener\">Un recuerdo &#8216;bihotzetik&#8217; de Guruzte.<\/a><br \/>\nDiario de Noticias (13 de febrero de 2017).<br \/>\n&#8211; <a href=\"\/wp-content\/uploads\/pdf\/obituario%20dn%2012feb17.pdf\" target=\"_blank\" rel=\"noopener\">Obituario, Guruztze Ciga, la defensa de un legado.<\/a><br \/>\nDiario de Navarra (12 de febrero de 2017).<br \/>\n&#8211; <a href=\"\/wp-content\/uploads\/pdf\/brillo%20cultura%20dn%2014feb17.pdf\" target=\"_blank\" rel=\"noopener\">Ciga, el brillo de la cultura navarra.<\/a><br \/>\nDiario de Navarra, cartas al director (14 de febrero de 2017).<\/p>\n<\/div><\/div><\/div><\/div><\/div><\/div><\/section>\n","protected":false},"excerpt":{"rendered":"Dibujo de Alberto Erro (Diario de Navarra, 14 de Febrero de 2017)","protected":false},"author":1,"featured_media":0,"parent":0,"menu_order":0,"comment_status":"closed","ping_status":"closed","template":"","meta":{"footnotes":""},"class_list":["post-34","page","type-page","status-publish","hentry"],"_links":{"self":[{"href":"https:\/\/fundacionciga.com\/eus\/wp-json\/wp\/v2\/pages\/34","targetHints":{"allow":["GET"]}}],"collection":[{"href":"https:\/\/fundacionciga.com\/eus\/wp-json\/wp\/v2\/pages"}],"about":[{"href":"https:\/\/fundacionciga.com\/eus\/wp-json\/wp\/v2\/types\/page"}],"author":[{"embeddable":true,"href":"https:\/\/fundacionciga.com\/eus\/wp-json\/wp\/v2\/users\/1"}],"replies":[{"embeddable":true,"href":"https:\/\/fundacionciga.com\/eus\/wp-json\/wp\/v2\/comments?post=34"}],"version-history":[{"count":8,"href":"https:\/\/fundacionciga.com\/eus\/wp-json\/wp\/v2\/pages\/34\/revisions"}],"predecessor-version":[{"id":342,"href":"https:\/\/fundacionciga.com\/eus\/wp-json\/wp\/v2\/pages\/34\/revisions\/342"}],"wp:attachment":[{"href":"https:\/\/fundacionciga.com\/eus\/wp-json\/wp\/v2\/media?parent=34"}],"curies":[{"name":"wp","href":"https:\/\/api.w.org\/{rel}","templated":true}]}}