{"id":32,"date":"2018-06-22T18:34:56","date_gmt":"2018-06-22T16:34:56","guid":{"rendered":"https:\/\/fundacionciga.com\/eus\/?page_id=32"},"modified":"2024-09-02T09:28:41","modified_gmt":"2024-09-02T07:28:41","slug":"ikerkuntza","status":"publish","type":"page","link":"https:\/\/fundacionciga.com\/eus\/ikerkuntza\/","title":{"rendered":"Ikerkuntza"},"content":{"rendered":"<section class=\"l-section wpb_row height_small\"><div class=\"l-section-h i-cf\"><div class=\"g-cols vc_row via_grid cols_1 laptops-cols_inherit tablets-cols_inherit mobiles-cols_1 valign_top type_default stacking_default\"><div class=\"wpb_column vc_column_container\"><div class=\"vc_column-inner\"><div class=\"wpb_text_column\"><div class=\"wpb_wrapper\"><p>Ciga Fundazioaren funtsezko xedea Cigaren eta bere lanaren ikerketa egitea da. Pello Fern\u00e1ndez Oyaregui Fundazioaren presidentea eta Artearen Historiagileak, ikerlan hau egiten du. 2012 urtean, Nafarroako Gobernuak, bere lana argitaratu zuen \u201cJavier Ciga, esentzia eta egiaren pintorea\u201d. Honek Cigaren obraren analisia eta berinterpretazioa egiten du; gaur egun arte, ikerketa osatu eta sakonena eratuz. Aldi berean, bere obraren katalogazioa egiten da, 750 artelanak finkatuz.<br \/>\nParisko Udaberriko Saloian parte hartzearen mendeurrena 1914-2014, Iru\u00f1eko Udalak Ciga eta Paris 1912-1914, erakusketa, antolatu eta katalogoa egin zuen. Egilea: Pello Fern\u00e1ndez Oyaregui.Obra honetan testuinguratzen da, Cigaren ibilbidea Parisen, bai akademia, bai saloietan. Pariseko Saloi Nagusia (Udaberrikoa), bere maisulana Elizondoko merkatua, aurkeztu zuen eta artistaren sustapenerako mekanismo garrantzitsuena bilakatu zen.<br \/>\nHorretaz gain, egileak zenbait prentsa artikuluak idatzi ditu, Cigaren berariazko gaiak jorratuz, bibliografian agertzen den bezalaxe.<\/p>\n<\/div><\/div><\/div><\/div><\/div><\/div><\/section><section class=\"l-section wpb_row height_small\"><div class=\"l-section-h i-cf\"><div class=\"g-cols vc_row via_grid cols_3 laptops-cols_inherit tablets-cols_inherit mobiles-cols_1 valign_top type_default stacking_default\"><div class=\"wpb_column vc_column_container\"><div class=\"vc_column-inner\"><div class=\"w-image align_center\"><a target=\" _blank\" rel=\"nofollow\" href=\"\/wp-content\/uploads\/pdf\/libro esencias.pdf\" aria-label=\"esencias\" class=\"w-image-h\"><img decoding=\"async\" width=\"494\" height=\"600\" src=\"https:\/\/fundacionciga.com\/eus\/wp-content\/uploads\/sites\/2\/2018\/06\/esencias.jpg\" class=\"attachment-full size-full\" alt=\"\" loading=\"lazy\" srcset=\"https:\/\/fundacionciga.com\/eus\/wp-content\/uploads\/sites\/2\/2018\/06\/esencias.jpg 494w, https:\/\/fundacionciga.com\/eus\/wp-content\/uploads\/sites\/2\/2018\/06\/esencias-247x300.jpg 247w, https:\/\/fundacionciga.com\/eus\/wp-content\/uploads\/sites\/2\/2018\/06\/esencias-165x200.jpg 165w\" sizes=\"auto, (max-width: 494px) 100vw, 494px\" \/><\/a><\/div><\/div><\/div><div class=\"wpb_column vc_column_container\"><div class=\"vc_column-inner\"><div class=\"w-image align_center\"><a target=\" _blank\" rel=\"nofollow\" href=\"\/wp-content\/uploads\/pdf\/Catalogo Ciga Paris.pdf\" aria-label=\"ciga-paris\" class=\"w-image-h\"><img decoding=\"async\" width=\"524\" height=\"576\" src=\"https:\/\/fundacionciga.com\/eus\/wp-content\/uploads\/sites\/2\/2018\/06\/ciga-paris.jpg\" class=\"attachment-full size-full\" alt=\"\" loading=\"lazy\" srcset=\"https:\/\/fundacionciga.com\/eus\/wp-content\/uploads\/sites\/2\/2018\/06\/ciga-paris.jpg 524w, https:\/\/fundacionciga.com\/eus\/wp-content\/uploads\/sites\/2\/2018\/06\/ciga-paris-273x300.jpg 273w, https:\/\/fundacionciga.com\/eus\/wp-content\/uploads\/sites\/2\/2018\/06\/ciga-paris-182x200.jpg 182w\" sizes=\"auto, (max-width: 524px) 100vw, 524px\" \/><\/a><\/div><\/div><\/div><div class=\"wpb_column vc_column_container\"><div class=\"vc_column-inner\"><div class=\"w-image align_center\"><a target=\" _blank\" rel=\"nofollow\" href=\"\/wp-content\/uploads\/pdf\/figuracion-y-Esencia-bertiz-Kultur-2018.pdf\" aria-label=\"figuracion-y-esencia\" class=\"w-image-h\"><img decoding=\"async\" width=\"571\" height=\"600\" src=\"https:\/\/fundacionciga.com\/eus\/wp-content\/uploads\/sites\/2\/2018\/06\/figuracion-y-esencia.jpg\" class=\"attachment-full size-full\" alt=\"\" loading=\"lazy\" srcset=\"https:\/\/fundacionciga.com\/eus\/wp-content\/uploads\/sites\/2\/2018\/06\/figuracion-y-esencia.jpg 571w, https:\/\/fundacionciga.com\/eus\/wp-content\/uploads\/sites\/2\/2018\/06\/figuracion-y-esencia-286x300.jpg 286w, https:\/\/fundacionciga.com\/eus\/wp-content\/uploads\/sites\/2\/2018\/06\/figuracion-y-esencia-190x200.jpg 190w\" sizes=\"auto, (max-width: 571px) 100vw, 571px\" \/><\/a><\/div><\/div><\/div><\/div><\/div><\/section><section class=\"l-section wpb_row height_small\"><div class=\"l-section-h i-cf\"><div class=\"g-cols vc_row via_grid cols_2 laptops-cols_inherit tablets-cols_inherit mobiles-cols_1 valign_top type_default stacking_default\"><div class=\"wpb_column vc_column_container\"><div class=\"vc_column-inner\"><div class=\"wpb_text_column\"><div class=\"wpb_wrapper\"><p><strong>Deskargatzeko artikuloak (pdf)<\/strong><br \/>\n<a href=\"\/wp-content\/uploads\/pdf\/libro%20esencias.pdf\" target=\"_blank\" rel=\"noopener\">&#8211; Ciga, pintor de esencias y verdades.<\/a><br \/>\n<a href=\"\/wp-content\/uploads\/pdf\/Catalogo%20Ciga%20Paris.pdf\" target=\"_blank\" rel=\"noopener\">&#8211; Cat\u00e1logo exposici\u00f3n Ciga en Par\u00eds.<\/a><br \/>\n<a href=\"\/wp-content\/uploads\/pdf\/coleccion%20Ciga.pdf\" target=\"_blank\" rel=\"noopener\">&#8211; Colecci\u00f3n J. Ciga (Museo Etnogr\u00e1fico de Baztan Elizondo).<\/a><br \/>\n<a href=\"\/wp-content\/uploads\/pdf\/expo%20Ciga%202015.pdf\" target=\"_blank\" rel=\"noopener\">&#8211; Exposici\u00f3n Ciga, Euskal Museoa Baiona 2015.<\/a><br \/>\n&#8211; <a href=\"\/wp-content\/uploads\/pdf\/figuracion-y-Esencia-bertiz-Kultur-2018.pdf\" target=\"_blank\" rel=\"noopener\">Figuraci\u00f3n y esencia, Bertiz 20 Julio 2018.<\/a><br \/>\n&#8211; <a href=\"\/wp-content\/uploads\/pdf\/manet.pdf\" target=\"_blank\" rel=\"noopener\">La huella de Manet se proyecta en Ciga.<\/a><br \/>\n&#8211; <a href=\"\/wp-content\/uploads\/pdf\/greco.pdf\" target=\"_blank\" rel=\"noopener\">El Greco y su influencia en Ciga.<\/a><br \/>\n&#8211; <a href=\"\/wp-content\/uploads\/pdf\/esencias_euskonews.pdf\" target=\"_blank\" rel=\"noopener\">Ciga, pintor de esencias y verdades. Int\u00e9rprete del alma y de la sociedad de su tiempo.<\/a><br \/>\n&#8211; <a href=\"\/wp-content\/uploads\/pdf\/cincuentenario.pdf\" target=\"_blank\" rel=\"noopener\">Ciga en el a\u00f1o del Cincuentenario<\/a>&#8211;<br \/>\n&#8211; <a href=\"\/wp-content\/uploads\/pdf\/in_memoriam.pdf\" target=\"_blank\" rel=\"noopener\">Javier Ciga, In Memoriam.<\/a><br \/>\n&#8211; <a href=\"\/wp-content\/uploads\/pdf\/esencias_deia.pdf\" target=\"_blank\" rel=\"noopener\">Javier Ciga, pintor de esencias y verdades.<\/a><br \/>\n&#8211; <a href=\"\/wp-content\/uploads\/pdf\/centenario_primera.pdf\" target=\"_blank\" rel=\"noopener\">Cien a\u00f1os de la primera de Ciga.<\/a><br \/>\n&#8211; <a href=\"\/wp-content\/uploads\/pdf\/80-aniversario-del-encarcelamiento-Diario-de-Noticias.pdf\" target=\"_blank\" rel=\"noopener\">Javier Ciga, dibujos desde la c\u00e1rcel<\/a><br \/>\n&#8211; <a href=\"\/wp-content\/uploads\/pdf\/centenario-viatico-diario-de-navarra.pdf\" target=\"_blank\" rel=\"noopener\">Centenario de \u00abUn vi\u00e1tico en el Bazt\u00e1n\u00bb<\/a><br \/>\n&#8211; <a href=\"\/wp-content\/uploads\/pdf\/ciga-social-diario-de-noticias.pdf\" target=\"_blank\" rel=\"noopener\">El Ciga m\u00e1s social<\/a><br \/>\n&#8211; <a href=\"\/wp-content\/uploads\/pdf\/realismo-social-en-ciga-diario-de-navarra.pdf\" target=\"_blank\" rel=\"noopener\">Realismo social en Ciga<\/a><br \/>\n&#8211; <a href=\"\/wp-content\/uploads\/pdf\/ciga-pintor-escudo-bandera-navarra.pdf\" target=\"_blank\" rel=\"noopener\">Ciga, pintor del escudo de la bandera de Navarra<\/a><br \/>\n&#8211; <a href=\"\/wp-content\/uploads\/pdf\/cartel-inedito-san-fermin-1912.pdf\" target=\"_blank\" rel=\"noopener\">1912ko sanferminetako kartel ezezaguna<\/a><\/p>\n<\/div><\/div><\/div><\/div><div class=\"wpb_column vc_column_container\"><div class=\"vc_column-inner\"><div class=\"wpb_text_column\"><div class=\"wpb_wrapper\"><p><strong>Pello Fern\u00e1ndez-en bertze testuak (pdf)<\/strong><br \/>\n&#8211; <a href=\"\/wp-content\/uploads\/pdf\/fidalgo.pdf\" target=\"_blank\" rel=\"noopener\">Fidalgo, renovador del paisaje baztan\u00e9s. Diario de Noticias, 29 de julio de 2012, p\u00e1gs. 72-73.<\/a><br \/>\n&#8211; <a href=\"\/wp-content\/uploads\/pdf\/apezetxea.pdf\" target=\"_blank\" rel=\"noopener\">Apezetxea, ge\u00f3metra del paisaje baztan\u00e9s \u2013 Apezetxea Baztango paisaiaren geometrilaria. Cat\u00e1logo Arte-Oinez 2015.<\/a><br \/>\n&#8211; <a href=\"\/wp-content\/uploads\/pdf\/maestros%20bidasoa.pdf\" target=\"_blank\" rel=\"noopener\">Cat\u00e1logo de la exposici\u00f3n: Maestros del Bidasoa 2015 \u2013 Bidasoako maixuak- ren Katalogoa 2015. \u201cEl embrujo de un r\u00edo, que hizo escuela\u201d &#8211; \u201cEskola\u201degin zuen ibai lilura.<\/a><br \/>\n&#8211; <a href=\"\/wp-content\/uploads\/pdf\/loredo.pdf\" target=\"_blank\" rel=\"noopener\">Cat\u00e1logo de la exposici\u00f3n: Marta Loredo. Ciudadela 2016. \u00abUna visi\u00f3n intimista, reflexiva y serena del paisaje\u201d \u2013 \u201cIkuspegi intimista, erreflexiboa eta barea paisaiaren gainean\u201d.<\/a><\/p>\n<\/div><\/div><\/div><\/div><\/div><\/div><\/section>\n","protected":false},"excerpt":{"rendered":"Ciga Fundazioaren funtsezko xedea Cigaren eta bere lanaren ikerketa egitea da. Pello Fern\u00e1ndez Oyaregui Fundazioaren presidentea eta Artearen Historiagileak, ikerlan hau egiten du. 2012 urtean, Nafarroako Gobernuak, bere lana argitaratu zuen \u201cJavier Ciga, esentzia eta egiaren pintorea\u201d. Honek Cigaren obraren analisia eta berinterpretazioa egiten du; gaur egun arte, ikerketa osatu eta sakonena eratuz. Aldi berean,...","protected":false},"author":1,"featured_media":0,"parent":0,"menu_order":0,"comment_status":"closed","ping_status":"closed","template":"","meta":{"footnotes":""},"class_list":["post-32","page","type-page","status-publish","hentry"],"_links":{"self":[{"href":"https:\/\/fundacionciga.com\/eus\/wp-json\/wp\/v2\/pages\/32","targetHints":{"allow":["GET"]}}],"collection":[{"href":"https:\/\/fundacionciga.com\/eus\/wp-json\/wp\/v2\/pages"}],"about":[{"href":"https:\/\/fundacionciga.com\/eus\/wp-json\/wp\/v2\/types\/page"}],"author":[{"embeddable":true,"href":"https:\/\/fundacionciga.com\/eus\/wp-json\/wp\/v2\/users\/1"}],"replies":[{"embeddable":true,"href":"https:\/\/fundacionciga.com\/eus\/wp-json\/wp\/v2\/comments?post=32"}],"version-history":[{"count":12,"href":"https:\/\/fundacionciga.com\/eus\/wp-json\/wp\/v2\/pages\/32\/revisions"}],"predecessor-version":[{"id":332,"href":"https:\/\/fundacionciga.com\/eus\/wp-json\/wp\/v2\/pages\/32\/revisions\/332"}],"wp:attachment":[{"href":"https:\/\/fundacionciga.com\/eus\/wp-json\/wp\/v2\/media?parent=32"}],"curies":[{"name":"wp","href":"https:\/\/api.w.org\/{rel}","templated":true}]}}