{"id":117,"date":"2018-06-22T18:26:57","date_gmt":"2018-06-22T16:26:57","guid":{"rendered":"https:\/\/fundacionciga.com\/eus\/?page_id=117"},"modified":"2018-09-28T18:15:10","modified_gmt":"2018-09-28T16:15:10","slug":"argitalpenak","status":"publish","type":"page","link":"https:\/\/fundacionciga.com\/eus\/argitalpenak\/","title":{"rendered":"Argitalpenak"},"content":{"rendered":"<section class=\"l-section wpb_row height_small\"><div class=\"l-section-h i-cf\"><div class=\"g-cols vc_row via_grid cols_1 laptops-cols_inherit tablets-cols_inherit mobiles-cols_1 valign_top type_default stacking_default\"><div class=\"wpb_column vc_column_container\"><div class=\"vc_column-inner\"><div class=\"wpb_text_column\"><div class=\"wpb_wrapper\"><p><img loading=\"lazy\" decoding=\"async\" class=\"alignnone\" src=\"https:\/\/fundacionciga.com\/wp-content\/uploads\/2018\/06\/libro-alegria.jpg\" width=\"87\" height=\"125\" border=\"0\" \/><\/p>\n<p>ALEGR\u00cdA GO\u00d1I, C., El pintor J. Ciga, Pamplona, Caja de Ahorros Municipal, 1992.<br \/>\n&#8211; \u201cPintores contempor\u00e1neos I\u201d, en GARC\u00cdA GAINZA, M. C. (dir.), El Arte en Navarra, t. II, Pamplona, 1994. Editado por Diario de Navarra, pp. 578, 580, 584, 585, 586,590.<\/p>\n<p>ARGAIZ SANTELICES, S., \u201cCentenario del pintor Javier Ciga Echandi\u201d, Preg\u00f3n, n\u00ba 131, correspondiente a Semana Santa de 1979.<\/p>\n<p>ARTETA, V. y ZUBIAUR, F. J., \u201cNuevos aspectos para comprender la obra de Ciga\u201d, Pr\u00edncipe de Viana, n\u00ba 221, 1997, pp. 329-367.<\/p>\n<p>AZCONA ONTORIA, A., \u201cJavier Ciga en los Escolapios de Pamplona. Nuevas aportaciones\u201d, Pr\u00edncipe de Viana, anejo 15, a\u00f1o LIV, 1993.<br \/>\n&#8211; \u201cSagrado Coraz\u00f3n de Jes\u00fas Ni\u00f1o, de Javier Ciga\u201d (anexo a \u201cJavier Ciga en los Escolapios de Pamplona. Nuevas aportaciones)\u201d, en III Congreso General de Historia de Navarra, Pamplona, SEHN (edici\u00f3n CD, Area, II), 1994.<br \/>\nCat\u00e1logo de la Exposici\u00f3n de J. Ciga Echandi. Palacio de Bertiz 1981.<\/p>\n<p>Cat\u00e1logos del programa de recuperaci\u00f3n de las artes pl\u00e1sticas del Museo de Navarra. Gobierno de Navarra, Pamplona: Ciga, Lorenzo Aguirre, Pintores del Bidasoa, Gustavo de Maeztu, (1986).<\/p>\n<p>Ciga ante la juventud, cat\u00e1logo, sala Doncel, Pamplona, 1973.<\/p>\n<p><img loading=\"lazy\" decoding=\"async\" class=\"alignnone\" src=\"https:\/\/fundacionciga.com\/wp-content\/uploads\/2018\/06\/expo-ereno.jpg\" width=\"95\" height=\"125\" border=\"0\" \/><\/p>\n<p>D\u00cdAZ ERE\u00d1O, G., \u201cJavier Ciga\u201d. Cat\u00e1logo para las exposiciones del Centro de Cultura Castillo de Maya de Pamplona y Sala de Cultura Juan Bravo de Madrid. Ed. Caja de Ahorros de Navarra. Comisariado art\u00edstico: C. Paredes Giraldo. G. D\u00edaz Ere\u00f1o. Pamplona, 1998.<br \/>\nExposici\u00f3n de p\u00f3stumo Homenaje al pintor pamplon\u00e9s Javier Ciga, cat\u00e1logo, Real Sociedad de Amigos del Pa\u00eds. Sala de Arte. Caja Municipal de Ahorros de Pamplona, marzo de1962.<\/p>\n<p><img loading=\"lazy\" decoding=\"async\" class=\"alignnone\" src=\"https:\/\/fundacionciga.com\/wp-content\/uploads\/2018\/06\/esencias.jpg\" width=\"112\" height=\"125\" border=\"0\" \/> <img loading=\"lazy\" decoding=\"async\" class=\"alignnone\" src=\"https:\/\/fundacionciga.com\/wp-content\/uploads\/2018\/06\/ciga-paris.jpg\" width=\"112\" height=\"123\" border=\"0\" \/> <img loading=\"lazy\" decoding=\"async\" class=\"alignnone\" src=\"https:\/\/fundacionciga.com\/wp-content\/uploads\/2018\/06\/figuracion-y-esencia.jpg\" alt=\"\" width=\"166\" height=\"125\" \/><\/p>\n<p>FERN\u00c1NDEZ OYAREGUI, PELLO., \u201cJavier Ciga, pintor de esencias y verdades\u201d. Pamplona . Gobierno de Navarra. 2012. 512 pags.<br \/>\n&#8211; \u201cCiga y Par\u00eds 1912- 1914\u201d. Ayuntamiento de Pamplona-Iru\u00f1ea. 2014. 88 pags.<br \/>\n&#8211; Figuraci\u00f3n y esencia. Cat\u00e1logo exposici\u00f3n Kultur Gob.Navarra. Bertiz Julio-Agosto 2018.<br \/>\n&#8211; \u201cLa huella de Manet se proyecta en Ciga\u201d. Diario de Navarra1-8-2009. Pags 66 y 67.<br \/>\n&#8211; \u201c Ciga en el a\u00f1o del cincuntenario\u201d Diario de Navarra 12-1-2010.Pag. 55.<br \/>\n&#8211; \u201c Javier Ciga, In Memorian\u201d Diario de Noticias,12-1-2010. Pag. 56. .<br \/>\n&#8211; \u201cJavier Ciga, pintor de esencias y verdades\u201d. Int\u00e9rprete del alma y de la Sociedad de su tiempo\u201d Euskonews, Revista digital. 2012-11-14-21.<br \/>\n&#8211; \u201c El Greco y su influencia en Ciga\u201d Diario de Navarra1-9-2014. . Pag. 55-56 .<br \/>\n&#8211; \u201c Cien a\u00f1os de la primera de Ciga. Exposici\u00f3n de 1915\u201d Diario de Noticias,20-12-2015. Pags. 72-73.<br \/>\n&#8211; \u201cJavier Ciga, pintor de esencias y verdades\u201d.Deia 4-7-2015.Pags 21 y 22.<br \/>\n&#8211; Pol\u00edptico de la Colecci\u00f3n Museogr\u00e1fica Ciga, Museo Etnogr\u00e1fico Baztan.<br \/>\n&#8211; Polipt\u00edco exposici\u00f3n de Bayona: Javier Ciga. Julio- Octubre. Bayona 2015.<br \/>\n&#8211; \u00ab<a href=\"https:\/\/fundacionciga.com\/eus\/blog\/2018\/09\/28\/ciga-y-el-cartel-inedito-de-san-fermin\/\">1912ko sanferminetako kartel ezezaguna<\/a>\u00ab. Diario de Navarra 8-09-18 Pags 60 y 61<\/p>\n<p>LAZCOZ, J., \u201cEl pintor Ciga Echandi\u201d, Preg\u00f3n, n.\u00ba 63, a\u00f1o XVIII, 1960.<br \/>\n\u201cLuz y espacio interior\u201d, Punto y hora de Euskalherria, n\u00ba 118, 1978, p.44-46.<\/p>\n<p>MANTEROLA P. Y PAREDES C., Arte navarro, 1850-1940, col. Panorama n.\u00ba 18, Pamplona, Gobierno de Navarra, 1990. \u201cJavier Ciga\u201d: pp. 54-56.<\/p>\n<p>MARTINENA, J. M. MENDAUR, \u201cCiga Echandi\u201d, en MART\u00cdN DE RETANA, J. M. (dir.), Biblioteca de pintores y escultores vascos de ayer, hoy y ma\u00f1ana, vol. XII, n\u00ba 115, Bilbao, La Gran Enciclopedia Vasca, 1973.<\/p>\n<p>MARTINENA RUIZ, J. J., \u201cJavier Ciga. La perfecci\u00f3n realista\u201d, Pintores Navarros, t. I, Pamplona, Caja de Ahorros Municipal de Pamplona, 1981, pp. 38\u201347.<\/p>\n<p>URRICELQUI PACHO, I. J., \u201cLa pintura costumbrista en Navarra a trav\u00e9s de tres ejemplos: Inocencio Garc\u00eda Asarta, Javier Ciga Echandi y Miguel P\u00e9rez Torres\u201d, Ondare, n\u00ba 23, 2004.<\/p>\n<p><img loading=\"lazy\" decoding=\"async\" class=\"alignnone\" src=\"https:\/\/fundacionciga.com\/wp-content\/uploads\/2018\/06\/zubiaur2.jpg\" width=\"87\" height=\"125\" border=\"0\" \/><\/p>\n<p>ZUBIAUR CARRE\u00d1O, F. J.<br \/>\n&#8211; \u201cEl maestro Ciga visto por sus disc\u00edpulos\u201d, Pr\u00edncipe de Viana, n.\u00ba 237, 2006.<br \/>\n&#8211; \u201cCiga Echandi, Javier\u201d, Gran Enciclopedia Navarra, t. 3, Pamplona, Caja de Ahorros de Navarra, 1990, pp. 251-252.<br \/>\n&#8211; \u201cCiga Echandi, Javier\u201d, en Allgemeines Kunstler Lexikon, Vol. XIX, p. 189, M\u00fcnchen-Leipzig, K.G. Saur, 1998.<br \/>\n&#8211; \u201cImpronta fotogr\u00e1fica en la pintura de Javier Ciga Echandi. Miembro del Gran Sal\u00f3n de Par\u00eds\u201d, Segundo Congreso de Historia de la Fotograf\u00eda, Zarautz, Photomuseum Argazki Euskal Museo, 2\u20134 de diciembre de 2006.<br \/>\n&#8211; \u201cNuevo retrato de Ciga de su \u00e9poca de Par\u00eds, el del periodista y fil\u00f3logo Eustaquio Echauri Mart\u00ednez\u201d, Pr\u00edncipe de Viana, n\u00ba 250, 2010.<br \/>\n&#8211; \u201cUn retrato de Ciga recupera la memoria del benefactor Santiago Ondarra Goicoechea. C\u00e1tedra de Patrimonio y Arte Navarro\u201d,<a href=\"http:\/\/www.unav.es\/catedrapatrimonio\/paginasinternas\/pieza\/Ciga_retratoSantiagoOndarra\/default.html\"><span style=\"color: #000000;\">www.unav.es\/catedrapatrimonio\/paginasinternas\/pieza\/Ciga_retratoSantiagoOndarra\/default.html<\/span><\/a>.<\/p>\n<p>ZUBIAUR CARRE\u00d1O, F. J. y ARTETA, V., \u201cNuevos aspectos para comprenderla figura de Ciga\u201d, Pr\u00edncipe de Viana, n.\u00ba 237, 2006.<\/p>\n<\/div><\/div><\/div><\/div><\/div><\/div><\/section><section class=\"l-section wpb_row height_small\"><div class=\"l-section-h i-cf\"><div class=\"g-cols vc_row via_grid cols_1 laptops-cols_inherit tablets-cols_inherit mobiles-cols_1 valign_top type_default stacking_default\"><div class=\"wpb_column vc_column_container\"><div class=\"vc_column-inner\"><div class=\"wpb_text_column\"><div class=\"wpb_wrapper\"><h2>Deskargatzeko artikuluak (pdf)<\/h2>\n<p>&#8211; <a href=\"\/wp-content\/uploads\/pdf\/txakoli.pdf\" target=\"_blank\" rel=\"noopener\"><span style=\"color: #000000;\">Cuando en Pamplona beb\u00edan txakol\u00ed y Ciga lo pintaba (Laura Puy Muguiro).<\/span><\/a><br \/>\n&#8211; <a href=\"\/wp-content\/uploads\/pdf\/inauguracion2010.PDF\" target=\"_blank\" rel=\"noopener\"><span style=\"color: #000000;\">La obrade Ciga podr\u00e1 contemplarse desde abril en el Museo Etnogr\u00e1fico de Elizondo.<\/span><\/a><br \/>\n&#8211; <a href=\"\/wp-content\/uploads\/pdf\/ciga_perdido.pdf\" target=\"_blank\" rel=\"noopener\"><span style=\"color: #000000;\">El Ciga perdido estaba en Granada (Laura Puy Muguiro).<\/span><\/a><br \/>\n&#8211; <a href=\"\/wp-content\/uploads\/pdf\/Inauguracion_ColCiga_%20DiarioNavarra.pdf\" target=\"_blank\" rel=\"noopener\"><span style=\"color: #000000;\">Exposici\u00f3n de Javier Ciga. \u00abEstoy triste porque no est\u00e1n todos los cuadros\u00bb (Gurutze Ciga Ariztia, hija de Javier Ciga).<\/span><\/a><br \/>\n&#8211; <a href=\"\/wp-content\/uploads\/pdf\/elizondo.pdf\" target=\"_blank\" rel=\"noopener\"><span style=\"color: #000000;\">Pello Fern\u00e1ndez Oyaregui. Colecci\u00f3n Ciga en Elizondo.<\/span><\/a><br \/>\n&#8211; <a href=\"\/wp-content\/uploads\/pdf\/erbiti.pdf\" target=\"_blank\" rel=\"noopener\"><span style=\"color: #000000;\">Javier Ciga, pintor de esencias y verdades (Ferm\u00edn Erbiti).<\/span><\/a><br \/>\n&#8211; <a href=\"\/wp-content\/uploads\/pdf\/ciga%20bayona%20lpm.pdf\" target=\"_blank\" rel=\"noopener\"><span style=\"color: #000000;\">Ciga vuelve a Francia cien a\u00f1os despu\u00e9s (Laura Puy Muguiro)<\/span><\/a><span style=\"color: #000000;\">.<br \/>\n&#8211; <a href=\"\/wp-content\/uploads\/pdf\/ciga%20pamplona%20murillo.pdf\" target=\"_blank\" rel=\"noopener\">Ciga, pintor de Pamplona<\/a> (Ignacio Murillo).<br \/>\n&#8211; <a href=\"\/wp-content\/uploads\/pdf\/ciga%20paris%20lpm.pdf\" target=\"_blank\" rel=\"noopener\">Los cuadros de Ciga que salvaron sus amigos en Par\u00eds (Laura Puy Muguiro)<\/a>.<br \/>\n&#8211; <a href=\"\/wp-content\/uploads\/pdf\/Diario%20de%20Navarra%2015sept2016%20web.pdf\" target=\"_blank\" rel=\"noopener\">La Fundaci\u00f3n Ciga estrena p\u00e1gina web<\/a> (Diario de Navarra, 15 de septiembre de 2016).<br \/>\n&#8211; <a href=\"\/wp-content\/uploads\/pdf\/DiarioNoticias%2023sept2016.pdf\" target=\"_blank\" rel=\"noopener\">La Fundaci\u00f3n Ciga estrena portal en Internet (Diario de Noticias, 23 de septiembre de 2016)<\/a>.<br \/>\n&#8211; <a href=\"\/wp-content\/uploads\/pdf\/perdidos%20diarioNavarra%2025sept2016.pdf\" target=\"_blank\" rel=\"noopener\">Se buscan los 5 Cigas perdidos (Laura Puy Muguiro)<\/a>.<br \/>\n<\/span>&#8211; <a href=\"\/wp-content\/uploads\/pdf\/pequena%20historia.pdf\" target=\"_blank\" rel=\"noopener\"><span style=\"color: #000000;\">Peque\u00f1a historia de un &#8216;Ciga&#8217; (Gabriel Imbuluzqueta. Diario de Navarra, 11 de junio de 2000)<\/span><\/a>.<br \/>\n&#8211; <a href=\"\/wp-content\/uploads\/pdf\/se%20busca%20ciga.pdf\" target=\"_blank\" rel=\"noopener\"><span style=\"color: #000000;\">Se busca Ciga (Diario de Navarra, 15 de octubre de 2004)<\/span><\/a>.<br \/>\n&#8211; <a href=\"\/wp-content\/uploads\/pdf\/sanfermin1917.pdf\" target=\"_blank\" rel=\"noopener\"><span style=\"color: #000000;\">1917, Javier Ciga ser\u00eda el autor del cartel de los Sanfermines.<\/span><\/a><br \/>\n&#8211; <a href=\"\/wp-content\/uploads\/pdf\/sala%20jul2017.pdf\" target=\"_blank\" rel=\"noopener\"><span class=\"auto-style1\">El pintor Ciga y su cartel de fiestas de 1917 (M\u00aa. Luisa S. Sala Red\u00edn, Club Taurino 2017).<\/span><\/a><\/p>\n<\/div><\/div><\/div><\/div><\/div><\/div><\/section>\n","protected":false},"excerpt":{"rendered":"ALEGR\u00cdA GO\u00d1I, C., El pintor J. Ciga, Pamplona, Caja de Ahorros Municipal, 1992. &#8211; \u201cPintores contempor\u00e1neos I\u201d, en GARC\u00cdA GAINZA, M. C. (dir.), El Arte en Navarra, t. II, Pamplona, 1994. Editado por Diario de Navarra, pp. 578, 580, 584, 585, 586,590. ARGAIZ SANTELICES, S., \u201cCentenario del pintor Javier Ciga Echandi\u201d, Preg\u00f3n, n\u00ba 131, correspondiente...","protected":false},"author":1,"featured_media":0,"parent":0,"menu_order":0,"comment_status":"closed","ping_status":"closed","template":"","meta":{"footnotes":""},"class_list":["post-117","page","type-page","status-publish","hentry"],"_links":{"self":[{"href":"https:\/\/fundacionciga.com\/eus\/wp-json\/wp\/v2\/pages\/117","targetHints":{"allow":["GET"]}}],"collection":[{"href":"https:\/\/fundacionciga.com\/eus\/wp-json\/wp\/v2\/pages"}],"about":[{"href":"https:\/\/fundacionciga.com\/eus\/wp-json\/wp\/v2\/types\/page"}],"author":[{"embeddable":true,"href":"https:\/\/fundacionciga.com\/eus\/wp-json\/wp\/v2\/users\/1"}],"replies":[{"embeddable":true,"href":"https:\/\/fundacionciga.com\/eus\/wp-json\/wp\/v2\/comments?post=117"}],"version-history":[{"count":3,"href":"https:\/\/fundacionciga.com\/eus\/wp-json\/wp\/v2\/pages\/117\/revisions"}],"predecessor-version":[{"id":273,"href":"https:\/\/fundacionciga.com\/eus\/wp-json\/wp\/v2\/pages\/117\/revisions\/273"}],"wp:attachment":[{"href":"https:\/\/fundacionciga.com\/eus\/wp-json\/wp\/v2\/media?parent=117"}],"curies":[{"name":"wp","href":"https:\/\/api.w.org\/{rel}","templated":true}]}}